{"id":1285,"date":"2022-04-08T23:00:46","date_gmt":"2022-04-08T23:00:46","guid":{"rendered":"https:\/\/modinatheme.com\/transland\/?page_id=1285"},"modified":"2024-04-27T20:36:18","modified_gmt":"2024-04-27T20:36:18","slug":"otomotivendustrisi","status":"publish","type":"page","link":"https:\/\/hsmmetalurji.com\/index.php\/otomotivendustrisi\/","title":{"rendered":"Otomotiv End\u00fcstrisi"},"content":{"rendered":"\t\t<div data-elementor-type=\"wp-page\" data-elementor-id=\"1285\" class=\"elementor elementor-1285\">\n\t\t\t\t\t\t\t<div class=\"elementor-element elementor-element-9e2df2c e-flex e-con-boxed e-con e-parent\" data-id=\"9e2df2c\" data-element_type=\"container\" data-settings=\"{&quot;content_width&quot;:&quot;boxed&quot;}\" data-core-v316-plus=\"true\">\n\t\t\t\t\t<div class=\"e-con-inner\">\n\t\t\t\t\t<\/div>\n\t\t\t\t<\/div>\n\t\t<div class=\"elementor-element elementor-element-e254ae3 e-flex e-con-boxed e-con e-parent\" data-id=\"e254ae3\" data-element_type=\"container\" data-settings=\"{&quot;content_width&quot;:&quot;boxed&quot;}\" data-core-v316-plus=\"true\">\n\t\t\t\t\t<div class=\"e-con-inner\">\n\t\t<div class=\"elementor-element elementor-element-b15454a e-con-full e-flex e-con e-child\" data-id=\"b15454a\" data-element_type=\"container\" data-settings=\"{&quot;content_width&quot;:&quot;full&quot;}\">\n\t\t\t\t<div class=\"elementor-element elementor-element-f417cae animated-slow elementor-position-top elementor-invisible elementor-widget elementor-widget-image-box\" data-id=\"f417cae\" data-element_type=\"widget\" data-settings=\"{&quot;_animation&quot;:&quot;zoomIn&quot;}\" data-widget_type=\"image-box.default\">\n\t\t\t\t<div class=\"elementor-widget-container\">\n\t\t\t<style>\/*! elementor - v3.18.0 - 20-12-2023 *\/\n.elementor-widget-image-box .elementor-image-box-content{width:100%}@media (min-width:768px){.elementor-widget-image-box.elementor-position-left .elementor-image-box-wrapper,.elementor-widget-image-box.elementor-position-right .elementor-image-box-wrapper{display:flex}.elementor-widget-image-box.elementor-position-right .elementor-image-box-wrapper{text-align:right;flex-direction:row-reverse}.elementor-widget-image-box.elementor-position-left .elementor-image-box-wrapper{text-align:left;flex-direction:row}.elementor-widget-image-box.elementor-position-top .elementor-image-box-img{margin:auto}.elementor-widget-image-box.elementor-vertical-align-top .elementor-image-box-wrapper{align-items:flex-start}.elementor-widget-image-box.elementor-vertical-align-middle .elementor-image-box-wrapper{align-items:center}.elementor-widget-image-box.elementor-vertical-align-bottom .elementor-image-box-wrapper{align-items:flex-end}}@media (max-width:767px){.elementor-widget-image-box .elementor-image-box-img{margin-left:auto!important;margin-right:auto!important;margin-bottom:15px}}.elementor-widget-image-box .elementor-image-box-img{display:inline-block}.elementor-widget-image-box .elementor-image-box-title a{color:inherit}.elementor-widget-image-box .elementor-image-box-wrapper{text-align:center}.elementor-widget-image-box .elementor-image-box-description{margin:0}<\/style><div class=\"elementor-image-box-wrapper\"><figure class=\"elementor-image-box-img\"><img fetchpriority=\"high\" decoding=\"async\" width=\"600\" height=\"600\" src=\"https:\/\/hsmmetalurji.com\/wp-content\/uploads\/2024\/04\/Aks-Govdesi.png\" class=\"elementor-animation-grow attachment-full size-full wp-image-3115\" alt=\"\" srcset=\"https:\/\/hsmmetalurji.com\/wp-content\/uploads\/2024\/04\/Aks-Govdesi.png 600w, https:\/\/hsmmetalurji.com\/wp-content\/uploads\/2024\/04\/Aks-Govdesi-300x300.png 300w, https:\/\/hsmmetalurji.com\/wp-content\/uploads\/2024\/04\/Aks-Govdesi-150x150.png 150w\" sizes=\"(max-width: 600px) 100vw, 600px\" \/><\/figure><div class=\"elementor-image-box-content\"><h3 class=\"elementor-image-box-title\">Aks-G\u00f6vdesi<\/h3><\/div><\/div>\t\t<\/div>\n\t\t\t\t<\/div>\n\t\t\t\t<\/div>\n\t\t<div class=\"elementor-element elementor-element-033c58a e-con-full e-flex e-con e-child\" data-id=\"033c58a\" data-element_type=\"container\" data-settings=\"{&quot;content_width&quot;:&quot;full&quot;}\">\n\t\t\t\t<div class=\"elementor-element elementor-element-b07ac69 animated-slow elementor-position-top elementor-invisible elementor-widget elementor-widget-image-box\" data-id=\"b07ac69\" data-element_type=\"widget\" data-settings=\"{&quot;_animation&quot;:&quot;zoomIn&quot;}\" data-widget_type=\"image-box.default\">\n\t\t\t\t<div class=\"elementor-widget-container\">\n\t\t\t<div class=\"elementor-image-box-wrapper\"><figure class=\"elementor-image-box-img\"><img decoding=\"async\" width=\"600\" height=\"600\" src=\"https:\/\/hsmmetalurji.com\/wp-content\/uploads\/2024\/04\/Arka-Makas-Arka-Kulak.png\" class=\"elementor-animation-grow attachment-full size-full wp-image-3122\" alt=\"\" srcset=\"https:\/\/hsmmetalurji.com\/wp-content\/uploads\/2024\/04\/Arka-Makas-Arka-Kulak.png 600w, https:\/\/hsmmetalurji.com\/wp-content\/uploads\/2024\/04\/Arka-Makas-Arka-Kulak-300x300.png 300w, https:\/\/hsmmetalurji.com\/wp-content\/uploads\/2024\/04\/Arka-Makas-Arka-Kulak-150x150.png 150w\" sizes=\"(max-width: 600px) 100vw, 600px\" \/><\/figure><div class=\"elementor-image-box-content\"><h3 class=\"elementor-image-box-title\">Arka-Makas-Arka-Kulak<\/h3><\/div><\/div>\t\t<\/div>\n\t\t\t\t<\/div>\n\t\t\t\t<\/div>\n\t\t<div class=\"elementor-element elementor-element-0bcb977 e-con-full e-flex e-con e-child\" data-id=\"0bcb977\" data-element_type=\"container\" data-settings=\"{&quot;content_width&quot;:&quot;full&quot;}\">\n\t\t\t\t<div class=\"elementor-element elementor-element-1a807f6 animated-slow elementor-position-top elementor-invisible elementor-widget elementor-widget-image-box\" data-id=\"1a807f6\" data-element_type=\"widget\" data-settings=\"{&quot;_animation&quot;:&quot;zoomIn&quot;}\" data-widget_type=\"image-box.default\">\n\t\t\t\t<div class=\"elementor-widget-container\">\n\t\t\t<div class=\"elementor-image-box-wrapper\"><figure class=\"elementor-image-box-img\"><img decoding=\"async\" width=\"600\" height=\"600\" src=\"https:\/\/hsmmetalurji.com\/wp-content\/uploads\/2024\/04\/Arka-Makas-On-Kulak.png\" class=\"elementor-animation-grow attachment-full size-full wp-image-3126\" alt=\"\" srcset=\"https:\/\/hsmmetalurji.com\/wp-content\/uploads\/2024\/04\/Arka-Makas-On-Kulak.png 600w, https:\/\/hsmmetalurji.com\/wp-content\/uploads\/2024\/04\/Arka-Makas-On-Kulak-300x300.png 300w, https:\/\/hsmmetalurji.com\/wp-content\/uploads\/2024\/04\/Arka-Makas-On-Kulak-150x150.png 150w\" sizes=\"(max-width: 600px) 100vw, 600px\" \/><\/figure><div class=\"elementor-image-box-content\"><h3 class=\"elementor-image-box-title\">Arka-Makas-\u00d6n-Kulak<\/h3><\/div><\/div>\t\t<\/div>\n\t\t\t\t<\/div>\n\t\t\t\t<\/div>\n\t\t<div class=\"elementor-element elementor-element-0069da1 e-con-full e-flex e-con e-child\" data-id=\"0069da1\" data-element_type=\"container\" data-settings=\"{&quot;content_width&quot;:&quot;full&quot;}\">\n\t\t\t\t<div class=\"elementor-element elementor-element-9df0b7f animated-slow elementor-position-top elementor-invisible elementor-widget elementor-widget-image-box\" data-id=\"9df0b7f\" data-element_type=\"widget\" data-settings=\"{&quot;_animation&quot;:&quot;zoomIn&quot;}\" data-widget_type=\"image-box.default\">\n\t\t\t\t<div class=\"elementor-widget-container\">\n\t\t\t<div class=\"elementor-image-box-wrapper\"><figure class=\"elementor-image-box-img\"><img loading=\"lazy\" decoding=\"async\" width=\"600\" height=\"600\" src=\"https:\/\/hsmmetalurji.com\/wp-content\/uploads\/2024\/04\/Egzoz-Manifold-Basligi.png\" class=\"elementor-animation-grow attachment-full size-full wp-image-3130\" alt=\"\" srcset=\"https:\/\/hsmmetalurji.com\/wp-content\/uploads\/2024\/04\/Egzoz-Manifold-Basligi.png 600w, https:\/\/hsmmetalurji.com\/wp-content\/uploads\/2024\/04\/Egzoz-Manifold-Basligi-300x300.png 300w, https:\/\/hsmmetalurji.com\/wp-content\/uploads\/2024\/04\/Egzoz-Manifold-Basligi-150x150.png 150w\" sizes=\"(max-width: 600px) 100vw, 600px\" \/><\/figure><div class=\"elementor-image-box-content\"><h3 class=\"elementor-image-box-title\">Egzoz-Manifold-Ba\u015fl\u0131\u011f\u0131<\/h3><\/div><\/div>\t\t<\/div>\n\t\t\t\t<\/div>\n\t\t\t\t<\/div>\n\t\t<div class=\"elementor-element elementor-element-64b10cd e-con-full e-flex e-con e-child\" data-id=\"64b10cd\" data-element_type=\"container\" data-settings=\"{&quot;content_width&quot;:&quot;full&quot;}\">\n\t\t\t\t<div class=\"elementor-element elementor-element-76da858 animated-slow elementor-position-top elementor-invisible elementor-widget elementor-widget-image-box\" data-id=\"76da858\" data-element_type=\"widget\" data-settings=\"{&quot;_animation&quot;:&quot;zoomIn&quot;}\" data-widget_type=\"image-box.default\">\n\t\t\t\t<div class=\"elementor-widget-container\">\n\t\t\t<div class=\"elementor-image-box-wrapper\"><figure class=\"elementor-image-box-img\"><img loading=\"lazy\" decoding=\"async\" width=\"600\" height=\"600\" src=\"https:\/\/hsmmetalurji.com\/wp-content\/uploads\/2024\/04\/HSM-300.png\" class=\"elementor-animation-grow attachment-full size-full wp-image-3134\" alt=\"\" srcset=\"https:\/\/hsmmetalurji.com\/wp-content\/uploads\/2024\/04\/HSM-300.png 600w, https:\/\/hsmmetalurji.com\/wp-content\/uploads\/2024\/04\/HSM-300-300x300.png 300w, https:\/\/hsmmetalurji.com\/wp-content\/uploads\/2024\/04\/HSM-300-150x150.png 150w\" sizes=\"(max-width: 600px) 100vw, 600px\" \/><\/figure><div class=\"elementor-image-box-content\"><h3 class=\"elementor-image-box-title\">HSM-300<\/h3><\/div><\/div>\t\t<\/div>\n\t\t\t\t<\/div>\n\t\t\t\t<\/div>\n\t\t<div class=\"elementor-element elementor-element-57b53e6 e-con-full e-flex e-con e-child\" data-id=\"57b53e6\" data-element_type=\"container\" data-settings=\"{&quot;content_width&quot;:&quot;full&quot;}\">\n\t\t\t\t<div class=\"elementor-element elementor-element-9990a9e animated-slow elementor-position-top elementor-invisible elementor-widget elementor-widget-image-box\" data-id=\"9990a9e\" data-element_type=\"widget\" data-settings=\"{&quot;_animation&quot;:&quot;zoomIn&quot;}\" data-widget_type=\"image-box.default\">\n\t\t\t\t<div class=\"elementor-widget-container\">\n\t\t\t<div class=\"elementor-image-box-wrapper\"><figure class=\"elementor-image-box-img\"><img loading=\"lazy\" decoding=\"async\" width=\"600\" height=\"600\" src=\"https:\/\/hsmmetalurji.com\/wp-content\/uploads\/2024\/04\/HSM-301.png\" class=\"elementor-animation-grow attachment-full size-full wp-image-3138\" alt=\"\" srcset=\"https:\/\/hsmmetalurji.com\/wp-content\/uploads\/2024\/04\/HSM-301.png 600w, https:\/\/hsmmetalurji.com\/wp-content\/uploads\/2024\/04\/HSM-301-300x300.png 300w, https:\/\/hsmmetalurji.com\/wp-content\/uploads\/2024\/04\/HSM-301-150x150.png 150w\" sizes=\"(max-width: 600px) 100vw, 600px\" \/><\/figure><div class=\"elementor-image-box-content\"><h3 class=\"elementor-image-box-title\">HSM-301<\/h3><\/div><\/div>\t\t<\/div>\n\t\t\t\t<\/div>\n\t\t\t\t<\/div>\n\t\t\t\t\t<\/div>\n\t\t\t\t<\/div>\n\t\t<div class=\"elementor-element elementor-element-f7becaa e-flex e-con-boxed e-con e-parent\" data-id=\"f7becaa\" data-element_type=\"container\" data-settings=\"{&quot;content_width&quot;:&quot;boxed&quot;}\" data-core-v316-plus=\"true\">\n\t\t\t\t\t<div class=\"e-con-inner\">\n\t\t<div class=\"elementor-element elementor-element-7d26a35 e-con-full e-flex e-con e-child\" data-id=\"7d26a35\" data-element_type=\"container\" data-settings=\"{&quot;content_width&quot;:&quot;full&quot;}\">\n\t\t\t\t<div class=\"elementor-element elementor-element-c866e77 animated-slow elementor-position-top elementor-invisible elementor-widget elementor-widget-image-box\" data-id=\"c866e77\" data-element_type=\"widget\" data-settings=\"{&quot;_animation&quot;:&quot;zoomIn&quot;}\" data-widget_type=\"image-box.default\">\n\t\t\t\t<div class=\"elementor-widget-container\">\n\t\t\t<div class=\"elementor-image-box-wrapper\"><figure class=\"elementor-image-box-img\"><img loading=\"lazy\" decoding=\"async\" width=\"600\" height=\"600\" src=\"https:\/\/hsmmetalurji.com\/wp-content\/uploads\/2024\/04\/Keser-Agzi.png\" class=\"elementor-animation-grow attachment-full size-full wp-image-3142\" alt=\"\" srcset=\"https:\/\/hsmmetalurji.com\/wp-content\/uploads\/2024\/04\/Keser-Agzi.png 600w, https:\/\/hsmmetalurji.com\/wp-content\/uploads\/2024\/04\/Keser-Agzi-300x300.png 300w, https:\/\/hsmmetalurji.com\/wp-content\/uploads\/2024\/04\/Keser-Agzi-150x150.png 150w\" sizes=\"(max-width: 600px) 100vw, 600px\" \/><\/figure><div class=\"elementor-image-box-content\"><h3 class=\"elementor-image-box-title\">Keser-A\u011fz\u0131<\/h3><\/div><\/div>\t\t<\/div>\n\t\t\t\t<\/div>\n\t\t\t\t<\/div>\n\t\t<div class=\"elementor-element elementor-element-b56fe07 e-con-full e-flex e-con e-child\" data-id=\"b56fe07\" data-element_type=\"container\" data-settings=\"{&quot;content_width&quot;:&quot;full&quot;}\">\n\t\t\t\t<div class=\"elementor-element elementor-element-5dc7865 animated-slow elementor-position-top elementor-invisible elementor-widget elementor-widget-image-box\" data-id=\"5dc7865\" data-element_type=\"widget\" data-settings=\"{&quot;_animation&quot;:&quot;zoomIn&quot;}\" data-widget_type=\"image-box.default\">\n\t\t\t\t<div class=\"elementor-widget-container\">\n\t\t\t<div class=\"elementor-image-box-wrapper\"><figure class=\"elementor-image-box-img\"><img loading=\"lazy\" decoding=\"async\" width=\"600\" height=\"600\" src=\"https:\/\/hsmmetalurji.com\/wp-content\/uploads\/2024\/04\/Makas-Yatak.png\" class=\"elementor-animation-grow attachment-full size-full wp-image-3146\" alt=\"\" srcset=\"https:\/\/hsmmetalurji.com\/wp-content\/uploads\/2024\/04\/Makas-Yatak.png 600w, https:\/\/hsmmetalurji.com\/wp-content\/uploads\/2024\/04\/Makas-Yatak-300x300.png 300w, https:\/\/hsmmetalurji.com\/wp-content\/uploads\/2024\/04\/Makas-Yatak-150x150.png 150w\" sizes=\"(max-width: 600px) 100vw, 600px\" \/><\/figure><div class=\"elementor-image-box-content\"><h3 class=\"elementor-image-box-title\">Makas-Yatak<\/h3><\/div><\/div>\t\t<\/div>\n\t\t\t\t<\/div>\n\t\t\t\t<\/div>\n\t\t<div class=\"elementor-element elementor-element-56a6f73 e-con-full e-flex e-con e-child\" data-id=\"56a6f73\" data-element_type=\"container\" data-settings=\"{&quot;content_width&quot;:&quot;full&quot;}\">\n\t\t\t\t<div class=\"elementor-element elementor-element-bcd8954 animated-slow elementor-position-top elementor-invisible elementor-widget elementor-widget-image-box\" data-id=\"bcd8954\" data-element_type=\"widget\" data-settings=\"{&quot;_animation&quot;:&quot;zoomIn&quot;}\" data-widget_type=\"image-box.default\">\n\t\t\t\t<div class=\"elementor-widget-container\">\n\t\t\t<div class=\"elementor-image-box-wrapper\"><figure class=\"elementor-image-box-img\"><img loading=\"lazy\" decoding=\"async\" width=\"600\" height=\"600\" src=\"https:\/\/hsmmetalurji.com\/wp-content\/uploads\/2024\/04\/Motor-Blogu.png\" class=\"elementor-animation-grow attachment-full size-full wp-image-3150\" alt=\"\" srcset=\"https:\/\/hsmmetalurji.com\/wp-content\/uploads\/2024\/04\/Motor-Blogu.png 600w, https:\/\/hsmmetalurji.com\/wp-content\/uploads\/2024\/04\/Motor-Blogu-300x300.png 300w, https:\/\/hsmmetalurji.com\/wp-content\/uploads\/2024\/04\/Motor-Blogu-150x150.png 150w\" sizes=\"(max-width: 600px) 100vw, 600px\" \/><\/figure><div class=\"elementor-image-box-content\"><h3 class=\"elementor-image-box-title\">Motor-Blo\u011fu<\/h3><\/div><\/div>\t\t<\/div>\n\t\t\t\t<\/div>\n\t\t\t\t<\/div>\n\t\t<div class=\"elementor-element elementor-element-cea4485 e-con-full e-flex e-con e-child\" data-id=\"cea4485\" data-element_type=\"container\" data-settings=\"{&quot;content_width&quot;:&quot;full&quot;}\">\n\t\t\t\t<div class=\"elementor-element elementor-element-7b85237 animated-slow elementor-position-top elementor-invisible elementor-widget elementor-widget-image-box\" data-id=\"7b85237\" data-element_type=\"widget\" data-settings=\"{&quot;_animation&quot;:&quot;zoomIn&quot;}\" data-widget_type=\"image-box.default\">\n\t\t\t\t<div class=\"elementor-widget-container\">\n\t\t\t<div class=\"elementor-image-box-wrapper\"><figure class=\"elementor-image-box-img\"><img loading=\"lazy\" decoding=\"async\" width=\"600\" height=\"600\" src=\"https:\/\/hsmmetalurji.com\/wp-content\/uploads\/2024\/04\/Motor-Silindir-Kapagi-Tek-Silindirli.png\" class=\"elementor-animation-grow attachment-full size-full wp-image-3151\" alt=\"\" srcset=\"https:\/\/hsmmetalurji.com\/wp-content\/uploads\/2024\/04\/Motor-Silindir-Kapagi-Tek-Silindirli.png 600w, https:\/\/hsmmetalurji.com\/wp-content\/uploads\/2024\/04\/Motor-Silindir-Kapagi-Tek-Silindirli-300x300.png 300w, https:\/\/hsmmetalurji.com\/wp-content\/uploads\/2024\/04\/Motor-Silindir-Kapagi-Tek-Silindirli-150x150.png 150w\" sizes=\"(max-width: 600px) 100vw, 600px\" \/><\/figure><div class=\"elementor-image-box-content\"><h3 class=\"elementor-image-box-title\">Motor-Silindir-Kapa\u011f\u0131-(Tek-Silindirli)<\/h3><\/div><\/div>\t\t<\/div>\n\t\t\t\t<\/div>\n\t\t\t\t<\/div>\n\t\t<div class=\"elementor-element elementor-element-71e1d1d e-con-full e-flex e-con e-child\" data-id=\"71e1d1d\" data-element_type=\"container\" data-settings=\"{&quot;content_width&quot;:&quot;full&quot;}\">\n\t\t\t\t<div class=\"elementor-element elementor-element-d26b16a animated-slow elementor-position-top elementor-invisible elementor-widget elementor-widget-image-box\" data-id=\"d26b16a\" data-element_type=\"widget\" data-settings=\"{&quot;_animation&quot;:&quot;zoomIn&quot;}\" data-widget_type=\"image-box.default\">\n\t\t\t\t<div class=\"elementor-widget-container\">\n\t\t\t<div class=\"elementor-image-box-wrapper\"><figure class=\"elementor-image-box-img\"><img loading=\"lazy\" decoding=\"async\" width=\"600\" height=\"600\" src=\"https:\/\/hsmmetalurji.com\/wp-content\/uploads\/2024\/04\/On-Kupe.png\" class=\"elementor-animation-grow attachment-full size-full wp-image-3155\" alt=\"\" srcset=\"https:\/\/hsmmetalurji.com\/wp-content\/uploads\/2024\/04\/On-Kupe.png 600w, https:\/\/hsmmetalurji.com\/wp-content\/uploads\/2024\/04\/On-Kupe-300x300.png 300w, https:\/\/hsmmetalurji.com\/wp-content\/uploads\/2024\/04\/On-Kupe-150x150.png 150w\" sizes=\"(max-width: 600px) 100vw, 600px\" \/><\/figure><div class=\"elementor-image-box-content\"><h3 class=\"elementor-image-box-title\">\u00d6n-K\u00fcpe<\/h3><\/div><\/div>\t\t<\/div>\n\t\t\t\t<\/div>\n\t\t\t\t<\/div>\n\t\t<div class=\"elementor-element elementor-element-7ea53d8 e-con-full e-flex e-con e-child\" data-id=\"7ea53d8\" data-element_type=\"container\" data-settings=\"{&quot;content_width&quot;:&quot;full&quot;}\">\n\t\t\t\t<div class=\"elementor-element elementor-element-4e42edb animated-slow elementor-position-top elementor-invisible elementor-widget elementor-widget-image-box\" data-id=\"4e42edb\" data-element_type=\"widget\" data-settings=\"{&quot;_animation&quot;:&quot;zoomIn&quot;}\" data-widget_type=\"image-box.default\">\n\t\t\t\t<div class=\"elementor-widget-container\">\n\t\t\t<div class=\"elementor-image-box-wrapper\"><figure class=\"elementor-image-box-img\"><img loading=\"lazy\" decoding=\"async\" width=\"600\" height=\"600\" src=\"https:\/\/hsmmetalurji.com\/wp-content\/uploads\/2024\/04\/On-Orta-Kulak-Sol.png\" class=\"elementor-animation-grow attachment-full size-full wp-image-3159\" alt=\"\" srcset=\"https:\/\/hsmmetalurji.com\/wp-content\/uploads\/2024\/04\/On-Orta-Kulak-Sol.png 600w, https:\/\/hsmmetalurji.com\/wp-content\/uploads\/2024\/04\/On-Orta-Kulak-Sol-300x300.png 300w, https:\/\/hsmmetalurji.com\/wp-content\/uploads\/2024\/04\/On-Orta-Kulak-Sol-150x150.png 150w\" sizes=\"(max-width: 600px) 100vw, 600px\" \/><\/figure><div class=\"elementor-image-box-content\"><h3 class=\"elementor-image-box-title\">\u00d6n-Orta-Kulak-Sol<\/h3><\/div><\/div>\t\t<\/div>\n\t\t\t\t<\/div>\n\t\t\t\t<\/div>\n\t\t\t\t\t<\/div>\n\t\t\t\t<\/div>\n\t\t<div class=\"elementor-element elementor-element-b4690a0 e-flex e-con-boxed e-con e-parent\" data-id=\"b4690a0\" data-element_type=\"container\" data-settings=\"{&quot;content_width&quot;:&quot;boxed&quot;}\" data-core-v316-plus=\"true\">\n\t\t\t\t\t<div class=\"e-con-inner\">\n\t\t<div class=\"elementor-element elementor-element-458edef e-con-full e-flex e-con e-child\" data-id=\"458edef\" data-element_type=\"container\" data-settings=\"{&quot;content_width&quot;:&quot;full&quot;}\">\n\t\t\t\t<div class=\"elementor-element elementor-element-0f69a9f animated-slow elementor-position-top elementor-invisible elementor-widget elementor-widget-image-box\" data-id=\"0f69a9f\" data-element_type=\"widget\" data-settings=\"{&quot;_animation&quot;:&quot;zoomIn&quot;}\" data-widget_type=\"image-box.default\">\n\t\t\t\t<div class=\"elementor-widget-container\">\n\t\t\t<div class=\"elementor-image-box-wrapper\"><figure class=\"elementor-image-box-img\"><img loading=\"lazy\" decoding=\"async\" width=\"600\" height=\"600\" src=\"https:\/\/hsmmetalurji.com\/wp-content\/uploads\/2024\/04\/Silindir-Gobegi.png\" class=\"elementor-animation-grow attachment-full size-full wp-image-3163\" alt=\"\" srcset=\"https:\/\/hsmmetalurji.com\/wp-content\/uploads\/2024\/04\/Silindir-Gobegi.png 600w, https:\/\/hsmmetalurji.com\/wp-content\/uploads\/2024\/04\/Silindir-Gobegi-300x300.png 300w, https:\/\/hsmmetalurji.com\/wp-content\/uploads\/2024\/04\/Silindir-Gobegi-150x150.png 150w\" sizes=\"(max-width: 600px) 100vw, 600px\" \/><\/figure><div class=\"elementor-image-box-content\"><h3 class=\"elementor-image-box-title\">Silindir-G\u00f6be\u011fi<\/h3><\/div><\/div>\t\t<\/div>\n\t\t\t\t<\/div>\n\t\t\t\t<\/div>\n\t\t<div class=\"elementor-element elementor-element-f167ad7 e-con-full e-flex e-con e-child\" data-id=\"f167ad7\" data-element_type=\"container\" data-settings=\"{&quot;content_width&quot;:&quot;full&quot;}\">\n\t\t\t\t<\/div>\n\t\t<div class=\"elementor-element elementor-element-00658eb e-con-full e-flex e-con e-child\" data-id=\"00658eb\" data-element_type=\"container\" data-settings=\"{&quot;content_width&quot;:&quot;full&quot;}\">\n\t\t\t\t<\/div>\n\t\t<div class=\"elementor-element elementor-element-1f5d1b0 e-con-full e-flex e-con e-child\" data-id=\"1f5d1b0\" data-element_type=\"container\" data-settings=\"{&quot;content_width&quot;:&quot;full&quot;}\">\n\t\t\t\t<\/div>\n\t\t<div class=\"elementor-element elementor-element-fd0ea01 e-con-full e-flex e-con e-child\" data-id=\"fd0ea01\" data-element_type=\"container\" data-settings=\"{&quot;content_width&quot;:&quot;full&quot;}\">\n\t\t\t\t<\/div>\n\t\t<div class=\"elementor-element elementor-element-60bd4a1 e-con-full e-flex e-con e-child\" data-id=\"60bd4a1\" data-element_type=\"container\" data-settings=\"{&quot;content_width&quot;:&quot;full&quot;}\">\n\t\t\t\t<\/div>\n\t\t\t\t\t<\/div>\n\t\t\t\t<\/div>\n\t\t\t\t<section class=\"elementor-section elementor-top-section elementor-element elementor-element-196e6dc6 elementor-section-boxed elementor-section-height-default elementor-section-height-default\" data-id=\"196e6dc6\" data-element_type=\"section\">\n\t\t\t\t\t\t<div class=\"elementor-container elementor-column-gap-default\">\n\t\t\t\t\t<div class=\"elementor-column elementor-col-100 elementor-top-column elementor-element elementor-element-182f248\" data-id=\"182f248\" data-element_type=\"column\">\n\t\t\t<div class=\"elementor-widget-wrap\">\n\t\t\t\t\t\t\t\t\t<\/div>\n\t\t<\/div>\n\t\t\t\t\t\t\t<\/div>\n\t\t<\/section>\n\t\t\t\t\t\t\t<\/div>\n\t\t","protected":false},"excerpt":{"rendered":"<p>Aks-G\u00f6vdesi Arka-Makas-Arka-Kulak Arka-Makas-\u00d6n-Kulak Egzoz-Manifold-Ba\u015fl\u0131\u011f\u0131 HSM-300 HSM-301 Keser-A\u011fz\u0131 Makas-Yatak Motor-Blo\u011fu Motor-Silindir-Kapa\u011f\u0131-(Tek-Silindirli) \u00d6n-K\u00fcpe \u00d6n-Orta-Kulak-Sol Silindir-G\u00f6be\u011fi<\/p>\n","protected":false},"author":1,"featured_media":0,"parent":0,"menu_order":0,"comment_status":"closed","ping_status":"closed","template":"elementor_header_footer","meta":{"om_disable_all_campaigns":false,"_monsterinsights_skip_tracking":false,"_monsterinsights_sitenote_active":false,"_monsterinsights_sitenote_note":"","_monsterinsights_sitenote_category":0,"footnotes":""},"class_list":["post-1285","page","type-page","status-publish","hentry"],"acf":[],"_links":{"self":[{"href":"https:\/\/hsmmetalurji.com\/index.php\/wp-json\/wp\/v2\/pages\/1285","targetHints":{"allow":["GET"]}}],"collection":[{"href":"https:\/\/hsmmetalurji.com\/index.php\/wp-json\/wp\/v2\/pages"}],"about":[{"href":"https:\/\/hsmmetalurji.com\/index.php\/wp-json\/wp\/v2\/types\/page"}],"author":[{"embeddable":true,"href":"https:\/\/hsmmetalurji.com\/index.php\/wp-json\/wp\/v2\/users\/1"}],"replies":[{"embeddable":true,"href":"https:\/\/hsmmetalurji.com\/index.php\/wp-json\/wp\/v2\/comments?post=1285"}],"version-history":[{"count":72,"href":"https:\/\/hsmmetalurji.com\/index.php\/wp-json\/wp\/v2\/pages\/1285\/revisions"}],"predecessor-version":[{"id":3175,"href":"https:\/\/hsmmetalurji.com\/index.php\/wp-json\/wp\/v2\/pages\/1285\/revisions\/3175"}],"wp:attachment":[{"href":"https:\/\/hsmmetalurji.com\/index.php\/wp-json\/wp\/v2\/media?parent=1285"}],"curies":[{"name":"wp","href":"https:\/\/api.w.org\/{rel}","templated":true}]}}