{"id":1247,"date":"2022-04-05T17:03:11","date_gmt":"2022-04-05T17:03:11","guid":{"rendered":"https:\/\/modinatheme.com\/transland\/?page_id=1247"},"modified":"2024-04-27T12:25:51","modified_gmt":"2024-04-27T12:25:51","slug":"misyonvizyon","status":"publish","type":"page","link":"https:\/\/hsmmetalurji.com\/index.php\/misyonvizyon\/","title":{"rendered":"Kurumsal"},"content":{"rendered":"\t\t<div data-elementor-type=\"wp-page\" data-elementor-id=\"1247\" class=\"elementor elementor-1247\">\n\t\t\t\t\t\t\t\t\t<section class=\"elementor-section elementor-top-section elementor-element elementor-element-616db6b elementor-section-boxed elementor-section-height-default elementor-section-height-default\" data-id=\"616db6b\" data-element_type=\"section\">\n\t\t\t\t\t\t<div class=\"elementor-container elementor-column-gap-default\">\n\t\t\t\t\t<div class=\"elementor-column elementor-col-100 elementor-top-column elementor-element elementor-element-d045666\" data-id=\"d045666\" data-element_type=\"column\" data-settings=\"{&quot;background_background&quot;:&quot;classic&quot;}\">\n\t\t\t<div class=\"elementor-widget-wrap elementor-element-populated\">\n\t\t\t\t\t\t\t\t<div class=\"elementor-element elementor-element-0e66337 elementor-widget elementor-widget-modina_section_title\" data-id=\"0e66337\" data-element_type=\"widget\" data-widget_type=\"modina_section_title.default\">\n\t\t\t\t<div class=\"elementor-widget-container\">\n\t\t\t\r\n        <div class=\"block-contents text-center\">\r\n        <div class=\"section-title\">\r\n            <h5 class=\"text-center\">HSM<\/h5>\r\n            <span><\/span>\r\n            <h2>Misyon & <span> Vizyon<\/span><\/h2>\r\n        <\/div>\r\n            <\/div>\r\n    \r\n    \t\t<\/div>\n\t\t\t\t<\/div>\n\t\t\t\t\t<\/div>\n\t\t<\/div>\n\t\t\t\t\t\t\t<\/div>\n\t\t<\/section>\n\t\t<div class=\"elementor-element elementor-element-2b7ce25 e-flex e-con-boxed e-con e-parent\" data-id=\"2b7ce25\" data-element_type=\"container\" data-settings=\"{&quot;content_width&quot;:&quot;boxed&quot;}\" data-core-v316-plus=\"true\">\n\t\t\t\t\t<div class=\"e-con-inner\">\n\t\t<div class=\"elementor-element elementor-element-9d0bbf1 e-con-full e-flex e-con e-child\" data-id=\"9d0bbf1\" data-element_type=\"container\" data-settings=\"{&quot;content_width&quot;:&quot;full&quot;}\">\n\t\t\t\t<div class=\"elementor-element elementor-element-7c1bc9f elementor-widget elementor-widget-image\" data-id=\"7c1bc9f\" data-element_type=\"widget\" data-widget_type=\"image.default\">\n\t\t\t\t<div class=\"elementor-widget-container\">\n\t\t\t<style>\/*! elementor - v3.18.0 - 20-12-2023 *\/\n.elementor-widget-image{text-align:center}.elementor-widget-image a{display:inline-block}.elementor-widget-image a img[src$=\".svg\"]{width:48px}.elementor-widget-image img{vertical-align:middle;display:inline-block}<\/style>\t\t\t\t\t\t\t\t\t\t\t\t<img fetchpriority=\"high\" decoding=\"async\" width=\"1024\" height=\"873\" src=\"https:\/\/hsmmetalurji.com\/wp-content\/uploads\/2024\/04\/hsmmisyonvizyon-1024x873.jpg\" class=\"attachment-large size-large wp-image-3065\" alt=\"\" srcset=\"https:\/\/hsmmetalurji.com\/wp-content\/uploads\/2024\/04\/hsmmisyonvizyon-1024x873.jpg 1024w, https:\/\/hsmmetalurji.com\/wp-content\/uploads\/2024\/04\/hsmmisyonvizyon-300x256.jpg 300w, https:\/\/hsmmetalurji.com\/wp-content\/uploads\/2024\/04\/hsmmisyonvizyon-768x655.jpg 768w, https:\/\/hsmmetalurji.com\/wp-content\/uploads\/2024\/04\/hsmmisyonvizyon-1536x1310.jpg 1536w, https:\/\/hsmmetalurji.com\/wp-content\/uploads\/2024\/04\/hsmmisyonvizyon-2048x1747.jpg 2048w\" sizes=\"(max-width: 1024px) 100vw, 1024px\" \/>\t\t\t\t\t\t\t\t\t\t\t\t\t\t\t<\/div>\n\t\t\t\t<\/div>\n\t\t\t\t<\/div>\n\t\t<div class=\"elementor-element elementor-element-c378cee e-con-full e-flex e-con e-child\" data-id=\"c378cee\" data-element_type=\"container\" data-settings=\"{&quot;content_width&quot;:&quot;full&quot;}\">\n\t\t<div class=\"elementor-element elementor-element-b96cf9c e-flex e-con-boxed e-con e-child\" data-id=\"b96cf9c\" data-element_type=\"container\" data-settings=\"{&quot;content_width&quot;:&quot;boxed&quot;}\">\n\t\t\t\t\t<div class=\"e-con-inner\">\n\t\t\t\t<div class=\"elementor-element elementor-element-1e2776d elementor-widget elementor-widget-heading\" data-id=\"1e2776d\" data-element_type=\"widget\" data-widget_type=\"heading.default\">\n\t\t\t\t<div class=\"elementor-widget-container\">\n\t\t\t<style>\/*! elementor - v3.18.0 - 20-12-2023 *\/\n.elementor-heading-title{padding:0;margin:0;line-height:1}.elementor-widget-heading .elementor-heading-title[class*=elementor-size-]>a{color:inherit;font-size:inherit;line-height:inherit}.elementor-widget-heading .elementor-heading-title.elementor-size-small{font-size:15px}.elementor-widget-heading .elementor-heading-title.elementor-size-medium{font-size:19px}.elementor-widget-heading .elementor-heading-title.elementor-size-large{font-size:29px}.elementor-widget-heading .elementor-heading-title.elementor-size-xl{font-size:39px}.elementor-widget-heading .elementor-heading-title.elementor-size-xxl{font-size:59px}<\/style><h2 class=\"elementor-heading-title elementor-size-default\">Vizyon<\/h2>\t\t<\/div>\n\t\t\t\t<\/div>\n\t\t\t\t<div class=\"elementor-element elementor-element-80696e9 elementor-widget elementor-widget-text-editor\" data-id=\"80696e9\" data-element_type=\"widget\" data-widget_type=\"text-editor.default\">\n\t\t\t\t<div class=\"elementor-widget-container\">\n\t\t\t<style>\/*! elementor - v3.18.0 - 20-12-2023 *\/\n.elementor-widget-text-editor.elementor-drop-cap-view-stacked .elementor-drop-cap{background-color:#69727d;color:#fff}.elementor-widget-text-editor.elementor-drop-cap-view-framed .elementor-drop-cap{color:#69727d;border:3px solid;background-color:transparent}.elementor-widget-text-editor:not(.elementor-drop-cap-view-default) .elementor-drop-cap{margin-top:8px}.elementor-widget-text-editor:not(.elementor-drop-cap-view-default) .elementor-drop-cap-letter{width:1em;height:1em}.elementor-widget-text-editor .elementor-drop-cap{float:left;text-align:center;line-height:1;font-size:50px}.elementor-widget-text-editor .elementor-drop-cap-letter{display:inline-block}<\/style>\t\t\t\t<p>D\u00f6k\u00fcm sekt\u00f6r\u00fcnde lider bir firma olarak m\u00fc\u015fterilerimizin g\u00fcvenini kazanmak ve tercih edilen bir konum elde etmek i\u00e7in s\u00fcrekli olarak kalite ve \u00fcretim s\u00fcre\u00e7lerimizi iyile\u015ftiriyoruz. Uzmanl\u0131k ve deneyimimizle, sekt\u00f6rde \u00f6nc\u00fc bir rol oynayarak m\u00fc\u015fterilerimizin beklenti ve ihtiya\u00e7lar\u0131n\u0131 kar\u015f\u0131layacak kaliteli, ekonomik ve g\u00fcvenilir \u00fcr\u00fcnler \u00fcretmeye devam ediyoruz. Personellerimizi s\u00fcrekli olarak e\u011fitip geli\u015ftirerek, m\u00fc\u015fteri memnuniyetini ve sekt\u00f6rdeki liderli\u011fimizi s\u00fcrd\u00fcrmeyi ama\u00e7l\u0131yoruz.<\/p>\t\t\t\t\t\t<\/div>\n\t\t\t\t<\/div>\n\t\t\t\t\t<\/div>\n\t\t\t\t<\/div>\n\t\t<div class=\"elementor-element elementor-element-9d46c0d e-flex e-con-boxed e-con e-child\" data-id=\"9d46c0d\" data-element_type=\"container\" data-settings=\"{&quot;content_width&quot;:&quot;boxed&quot;}\">\n\t\t\t\t\t<div class=\"e-con-inner\">\n\t\t\t\t<div class=\"elementor-element elementor-element-dcd118a elementor-widget elementor-widget-heading\" data-id=\"dcd118a\" data-element_type=\"widget\" data-widget_type=\"heading.default\">\n\t\t\t\t<div class=\"elementor-widget-container\">\n\t\t\t<h2 class=\"elementor-heading-title elementor-size-default\">Misyon\n<\/h2>\t\t<\/div>\n\t\t\t\t<\/div>\n\t\t\t\t<div class=\"elementor-element elementor-element-8b755b9 elementor-widget elementor-widget-text-editor\" data-id=\"8b755b9\" data-element_type=\"widget\" data-widget_type=\"text-editor.default\">\n\t\t\t\t<div class=\"elementor-widget-container\">\n\t\t\t\t\t\t\t<p>M\u00fc\u015fterilerimize d\u00f6k\u00fcm sekt\u00f6r\u00fcnde en kaliteli, dayan\u0131kl\u0131 ve maliyet-etkin \u00fcr\u00fcnleri sunarak, onlar\u0131n beklenti ve ihtiya\u00e7lar\u0131n\u0131 kar\u015f\u0131lamak i\u00e7in el kal\u0131plama ve manuel kal\u0131plama y\u00f6ntemlerini titizlikle kullan\u0131yoruz. Fabrikam\u0131zda bulunan modern teknolojiye sahip ind\u00fcksiyon ocaklar\u0131yla h\u0131zl\u0131 ve verimli bir \u00fcretim yaparak, m\u00fc\u015fterilerimize istedikleri miktarda ve zamanda \u00fcr\u00fcn temin etme imkan\u0131 sa\u011fl\u0131yoruz.<\/p>\t\t\t\t\t\t<\/div>\n\t\t\t\t<\/div>\n\t\t\t\t\t<\/div>\n\t\t\t\t<\/div>\n\t\t\t\t<\/div>\n\t\t\t\t\t<\/div>\n\t\t\t\t<\/div>\n\t\t\t\t\t\t\t<\/div>\n\t\t","protected":false},"excerpt":{"rendered":"<p>HSM Misyon &#038; Vizyon Vizyon D\u00f6k\u00fcm sekt\u00f6r\u00fcnde lider bir firma olarak m\u00fc\u015fterilerimizin g\u00fcvenini kazanmak ve tercih edilen bir konum elde etmek i\u00e7in s\u00fcrekli olarak kalite ve \u00fcretim s\u00fcre\u00e7lerimizi iyile\u015ftiriyoruz. Uzmanl\u0131k ve deneyimimizle, sekt\u00f6rde \u00f6nc\u00fc bir rol oynayarak m\u00fc\u015fterilerimizin beklenti ve ihtiya\u00e7lar\u0131n\u0131 kar\u015f\u0131layacak kaliteli, ekonomik ve g\u00fcvenilir \u00fcr\u00fcnler \u00fcretmeye devam ediyoruz. Personellerimizi s\u00fcrekli olarak e\u011fitip geli\u015ftirerek, [&hellip;]<\/p>\n","protected":false},"author":1,"featured_media":0,"parent":0,"menu_order":0,"comment_status":"closed","ping_status":"closed","template":"elementor_header_footer","meta":{"om_disable_all_campaigns":false,"_monsterinsights_skip_tracking":false,"_monsterinsights_sitenote_active":false,"_monsterinsights_sitenote_note":"","_monsterinsights_sitenote_category":0,"footnotes":""},"class_list":["post-1247","page","type-page","status-publish","hentry"],"acf":[],"_links":{"self":[{"href":"https:\/\/hsmmetalurji.com\/index.php\/wp-json\/wp\/v2\/pages\/1247","targetHints":{"allow":["GET"]}}],"collection":[{"href":"https:\/\/hsmmetalurji.com\/index.php\/wp-json\/wp\/v2\/pages"}],"about":[{"href":"https:\/\/hsmmetalurji.com\/index.php\/wp-json\/wp\/v2\/types\/page"}],"author":[{"embeddable":true,"href":"https:\/\/hsmmetalurji.com\/index.php\/wp-json\/wp\/v2\/users\/1"}],"replies":[{"embeddable":true,"href":"https:\/\/hsmmetalurji.com\/index.php\/wp-json\/wp\/v2\/comments?post=1247"}],"version-history":[{"count":14,"href":"https:\/\/hsmmetalurji.com\/index.php\/wp-json\/wp\/v2\/pages\/1247\/revisions"}],"predecessor-version":[{"id":3068,"href":"https:\/\/hsmmetalurji.com\/index.php\/wp-json\/wp\/v2\/pages\/1247\/revisions\/3068"}],"wp:attachment":[{"href":"https:\/\/hsmmetalurji.com\/index.php\/wp-json\/wp\/v2\/media?parent=1247"}],"curies":[{"name":"wp","href":"https:\/\/api.w.org\/{rel}","templated":true}]}}