{"id":1243,"date":"2022-04-05T17:01:25","date_gmt":"2022-04-05T17:01:25","guid":{"rendered":"https:\/\/modinatheme.com\/transland\/?page_id=1243"},"modified":"2024-04-27T12:17:56","modified_gmt":"2024-04-27T12:17:56","slug":"hakkimizda","status":"publish","type":"page","link":"https:\/\/hsmmetalurji.com\/index.php\/hakkimizda\/","title":{"rendered":"Hakk\u0131m\u0131zda"},"content":{"rendered":"\t\t<div data-elementor-type=\"wp-page\" data-elementor-id=\"1243\" class=\"elementor elementor-1243\">\n\t\t\t\t\t\t\t<div class=\"elementor-element elementor-element-8565ab0 e-flex e-con-boxed e-con e-parent\" data-id=\"8565ab0\" data-element_type=\"container\" data-settings=\"{&quot;content_width&quot;:&quot;boxed&quot;}\" data-core-v316-plus=\"true\">\n\t\t\t\t\t<div class=\"e-con-inner\">\n\t\t<div class=\"elementor-element elementor-element-e971487 e-con-full e-flex e-con e-child\" data-id=\"e971487\" data-element_type=\"container\" data-settings=\"{&quot;content_width&quot;:&quot;full&quot;}\">\n\t\t\t\t<div class=\"elementor-element elementor-element-37ddc52 elementor-widget elementor-widget-image\" data-id=\"37ddc52\" data-element_type=\"widget\" data-widget_type=\"image.default\">\n\t\t\t\t<div class=\"elementor-widget-container\">\n\t\t\t<style>\/*! elementor - v3.18.0 - 20-12-2023 *\/\n.elementor-widget-image{text-align:center}.elementor-widget-image a{display:inline-block}.elementor-widget-image a img[src$=\".svg\"]{width:48px}.elementor-widget-image img{vertical-align:middle;display:inline-block}<\/style>\t\t\t\t\t\t\t\t\t\t\t\t<img fetchpriority=\"high\" decoding=\"async\" width=\"800\" height=\"800\" src=\"https:\/\/hsmmetalurji.com\/wp-content\/uploads\/2024\/04\/hsmhakkimizda.jpg\" class=\"attachment-2048x2048 size-2048x2048 wp-image-3057\" alt=\"\" srcset=\"https:\/\/hsmmetalurji.com\/wp-content\/uploads\/2024\/04\/hsmhakkimizda.jpg 800w, https:\/\/hsmmetalurji.com\/wp-content\/uploads\/2024\/04\/hsmhakkimizda-300x300.jpg 300w, https:\/\/hsmmetalurji.com\/wp-content\/uploads\/2024\/04\/hsmhakkimizda-150x150.jpg 150w, https:\/\/hsmmetalurji.com\/wp-content\/uploads\/2024\/04\/hsmhakkimizda-768x768.jpg 768w\" sizes=\"(max-width: 800px) 100vw, 800px\" \/>\t\t\t\t\t\t\t\t\t\t\t\t\t\t\t<\/div>\n\t\t\t\t<\/div>\n\t\t\t\t<\/div>\n\t\t<div class=\"elementor-element elementor-element-f3f0473 e-con-full e-flex e-con e-child\" data-id=\"f3f0473\" data-element_type=\"container\" data-settings=\"{&quot;content_width&quot;:&quot;full&quot;}\">\n\t\t\t\t<div class=\"elementor-element elementor-element-67558e5 elementor-widget elementor-widget-text-editor\" data-id=\"67558e5\" data-element_type=\"widget\" data-widget_type=\"text-editor.default\">\n\t\t\t\t<div class=\"elementor-widget-container\">\n\t\t\t<style>\/*! elementor - v3.18.0 - 20-12-2023 *\/\n.elementor-widget-text-editor.elementor-drop-cap-view-stacked .elementor-drop-cap{background-color:#69727d;color:#fff}.elementor-widget-text-editor.elementor-drop-cap-view-framed .elementor-drop-cap{color:#69727d;border:3px solid;background-color:transparent}.elementor-widget-text-editor:not(.elementor-drop-cap-view-default) .elementor-drop-cap{margin-top:8px}.elementor-widget-text-editor:not(.elementor-drop-cap-view-default) .elementor-drop-cap-letter{width:1em;height:1em}.elementor-widget-text-editor .elementor-drop-cap{float:left;text-align:center;line-height:1;font-size:50px}.elementor-widget-text-editor .elementor-drop-cap-letter{display:inline-block}<\/style>\t\t\t\t<address>2015 y\u0131l\u0131nda kurulan firmam\u0131z, d\u00f6k\u00fcm sekt\u00f6r\u00fcnde el kal\u0131plama ve manuel kal\u0131plama y\u00f6ntemlerini kullanarak Pik, Sfero ve \u00c7elik gibi ana gruplarda \u00fcretim yapmaktad\u0131r. Fabrikam\u0131z, 2500 metrekarelik bir alana sahiptir.<\/address><address>\u00dcretim kapasitemizi desteklemek i\u00e7in 2 adet dualtrack ergitme bekletme potal\u0131 ind\u00fcksiyon oca\u011f\u0131na sahibiz. Bu ocaklar, toplamda 1000 kg\/saatlik s\u0131v\u0131 metal kapasitesine sahiptir. Y\u0131ll\u0131k \u00fcretim kapasitemiz ise 1500 ton olarak belirlenmi\u015ftir.<\/address><address>D\u00f6k\u00fcm sekt\u00f6r\u00fcnde uzmanl\u0131k ve deneyimimizle, m\u00fc\u015fterilerimize kaliteli, dayan\u0131kl\u0131 ve maliyet-etkin \u00fcr\u00fcnler sunmay\u0131 hedefliyoruz. El kal\u0131plama ve manuel kal\u0131plama y\u00f6ntemleriyle \u00fcretim yaparak, m\u00fc\u015fteri beklenti ve ihtiya\u00e7lar\u0131n\u0131 kar\u015f\u0131lamak i\u00e7in titizlikle \u00e7al\u0131\u015f\u0131yoruz.<\/address><address>Fabrikam\u0131zda bulunan ind\u00fcksiyon ocaklar\u0131, y\u00fcksek kapasiteleriyle h\u0131zl\u0131 ve verimli bir \u00fcretim sa\u011flamaktad\u0131r. Bu sayede m\u00fc\u015fterilerimize istedikleri miktarda ve zamanda \u00fcr\u00fcn temin etme imkan\u0131 sunabiliyoruz.<\/address><address>Amac\u0131m\u0131z, d\u00f6k\u00fcm sekt\u00f6r\u00fcnde lider bir firma olmak ve m\u00fc\u015fterilerimizin g\u00fcvenini kazanmakt\u0131r. S\u00fcrekli olarak kalite ve \u00fcretim s\u00fcre\u00e7lerimizi iyile\u015ftirmek i\u00e7in personellerimizi e\u011fitip geli\u015ftiriyoruz. B\u00f6ylece, m\u00fc\u015fterilerimizin beklenti ve ihtiya\u00e7lar\u0131n\u0131 kar\u015f\u0131layacak kaliteli, ekonomik ve g\u00fcvenilir \u00fcr\u00fcnler \u00fcretmeyi s\u00fcrd\u00fcrerek sekt\u00f6rdeki tercih edilen bir konum elde etmeyi ama\u00e7l\u0131yoruz.<\/address>\t\t\t\t\t\t<\/div>\n\t\t\t\t<\/div>\n\t\t\t\t<\/div>\n\t\t\t\t\t<\/div>\n\t\t\t\t<\/div>\n\t\t\t\t\t\t\t<\/div>\n\t\t","protected":false},"excerpt":{"rendered":"<p>2015 y\u0131l\u0131nda kurulan firmam\u0131z, d\u00f6k\u00fcm sekt\u00f6r\u00fcnde el kal\u0131plama ve manuel kal\u0131plama y\u00f6ntemlerini kullanarak Pik, Sfero ve \u00c7elik gibi ana gruplarda \u00fcretim yapmaktad\u0131r. Fabrikam\u0131z, 2500 metrekarelik bir alana sahiptir. \u00dcretim kapasitemizi desteklemek i\u00e7in 2 adet dualtrack ergitme bekletme potal\u0131 ind\u00fcksiyon oca\u011f\u0131na sahibiz. Bu ocaklar, toplamda 1000 kg\/saatlik s\u0131v\u0131 metal kapasitesine sahiptir. Y\u0131ll\u0131k \u00fcretim kapasitemiz ise 1500 [&hellip;]<\/p>\n","protected":false},"author":1,"featured_media":0,"parent":0,"menu_order":0,"comment_status":"closed","ping_status":"closed","template":"elementor_header_footer","meta":{"om_disable_all_campaigns":false,"_monsterinsights_skip_tracking":false,"_monsterinsights_sitenote_active":false,"_monsterinsights_sitenote_note":"","_monsterinsights_sitenote_category":0,"footnotes":""},"class_list":["post-1243","page","type-page","status-publish","hentry"],"acf":[],"_links":{"self":[{"href":"https:\/\/hsmmetalurji.com\/index.php\/wp-json\/wp\/v2\/pages\/1243","targetHints":{"allow":["GET"]}}],"collection":[{"href":"https:\/\/hsmmetalurji.com\/index.php\/wp-json\/wp\/v2\/pages"}],"about":[{"href":"https:\/\/hsmmetalurji.com\/index.php\/wp-json\/wp\/v2\/types\/page"}],"author":[{"embeddable":true,"href":"https:\/\/hsmmetalurji.com\/index.php\/wp-json\/wp\/v2\/users\/1"}],"replies":[{"embeddable":true,"href":"https:\/\/hsmmetalurji.com\/index.php\/wp-json\/wp\/v2\/comments?post=1243"}],"version-history":[{"count":16,"href":"https:\/\/hsmmetalurji.com\/index.php\/wp-json\/wp\/v2\/pages\/1243\/revisions"}],"predecessor-version":[{"id":3063,"href":"https:\/\/hsmmetalurji.com\/index.php\/wp-json\/wp\/v2\/pages\/1243\/revisions\/3063"}],"wp:attachment":[{"href":"https:\/\/hsmmetalurji.com\/index.php\/wp-json\/wp\/v2\/media?parent=1243"}],"curies":[{"name":"wp","href":"https:\/\/api.w.org\/{rel}","templated":true}]}}