{"id":1205,"date":"2022-04-05T05:53:00","date_gmt":"2022-04-05T05:53:00","guid":{"rendered":"https:\/\/modinatheme.com\/transland\/?page_id=1205"},"modified":"2024-04-27T20:44:28","modified_gmt":"2024-04-27T20:44:28","slug":"vanaendustrisi","status":"publish","type":"page","link":"https:\/\/hsmmetalurji.com\/index.php\/vanaendustrisi\/","title":{"rendered":"Vana End\u00fcstrisi"},"content":{"rendered":"\t\t<div data-elementor-type=\"wp-page\" data-elementor-id=\"1205\" class=\"elementor elementor-1205\">\n\t\t\t\t\t\t\t\t\t<section class=\"elementor-section elementor-top-section elementor-element elementor-element-4e2acfb elementor-section-boxed elementor-section-height-default elementor-section-height-default\" data-id=\"4e2acfb\" data-element_type=\"section\">\n\t\t\t\t\t\t<div class=\"elementor-container elementor-column-gap-default\">\n\t\t\t\t\t<div class=\"elementor-column elementor-col-100 elementor-top-column elementor-element elementor-element-220b12b\" data-id=\"220b12b\" data-element_type=\"column\">\n\t\t\t<div class=\"elementor-widget-wrap elementor-element-populated\">\n\t\t\t\t\t\t<div class=\"elementor-element elementor-element-6afd098 e-flex e-con-boxed e-con e-parent\" data-id=\"6afd098\" data-element_type=\"container\" data-settings=\"{&quot;content_width&quot;:&quot;boxed&quot;}\" data-core-v316-plus=\"true\">\n\t\t\t\t\t<div class=\"e-con-inner\">\n\t\t<div class=\"elementor-element elementor-element-e6e9662 e-con-full e-flex e-con e-child\" data-id=\"e6e9662\" data-element_type=\"container\" data-settings=\"{&quot;content_width&quot;:&quot;full&quot;}\">\n\t\t\t\t<div class=\"elementor-element elementor-element-9552343 animated-slow elementor-position-top elementor-invisible elementor-widget elementor-widget-image-box\" data-id=\"9552343\" data-element_type=\"widget\" data-settings=\"{&quot;_animation&quot;:&quot;zoomIn&quot;}\" data-widget_type=\"image-box.default\">\n\t\t\t\t<div class=\"elementor-widget-container\">\n\t\t\t<style>\/*! elementor - v3.18.0 - 20-12-2023 *\/\n.elementor-widget-image-box .elementor-image-box-content{width:100%}@media (min-width:768px){.elementor-widget-image-box.elementor-position-left .elementor-image-box-wrapper,.elementor-widget-image-box.elementor-position-right .elementor-image-box-wrapper{display:flex}.elementor-widget-image-box.elementor-position-right .elementor-image-box-wrapper{text-align:right;flex-direction:row-reverse}.elementor-widget-image-box.elementor-position-left .elementor-image-box-wrapper{text-align:left;flex-direction:row}.elementor-widget-image-box.elementor-position-top .elementor-image-box-img{margin:auto}.elementor-widget-image-box.elementor-vertical-align-top .elementor-image-box-wrapper{align-items:flex-start}.elementor-widget-image-box.elementor-vertical-align-middle .elementor-image-box-wrapper{align-items:center}.elementor-widget-image-box.elementor-vertical-align-bottom .elementor-image-box-wrapper{align-items:flex-end}}@media (max-width:767px){.elementor-widget-image-box .elementor-image-box-img{margin-left:auto!important;margin-right:auto!important;margin-bottom:15px}}.elementor-widget-image-box .elementor-image-box-img{display:inline-block}.elementor-widget-image-box .elementor-image-box-title a{color:inherit}.elementor-widget-image-box .elementor-image-box-wrapper{text-align:center}.elementor-widget-image-box .elementor-image-box-description{margin:0}<\/style><div class=\"elementor-image-box-wrapper\"><figure class=\"elementor-image-box-img\"><img fetchpriority=\"high\" decoding=\"async\" width=\"600\" height=\"600\" src=\"https:\/\/hsmmetalurji.com\/wp-content\/uploads\/2024\/04\/Ball-Valve.png\" class=\"elementor-animation-grow attachment-full size-full wp-image-3177\" alt=\"\" srcset=\"https:\/\/hsmmetalurji.com\/wp-content\/uploads\/2024\/04\/Ball-Valve.png 600w, https:\/\/hsmmetalurji.com\/wp-content\/uploads\/2024\/04\/Ball-Valve-300x300.png 300w, https:\/\/hsmmetalurji.com\/wp-content\/uploads\/2024\/04\/Ball-Valve-150x150.png 150w\" sizes=\"(max-width: 600px) 100vw, 600px\" \/><\/figure><div class=\"elementor-image-box-content\"><h3 class=\"elementor-image-box-title\">Ball-Valve<\/h3><\/div><\/div>\t\t<\/div>\n\t\t\t\t<\/div>\n\t\t\t\t<\/div>\n\t\t<div class=\"elementor-element elementor-element-0d3532f e-con-full e-flex e-con e-child\" data-id=\"0d3532f\" data-element_type=\"container\" data-settings=\"{&quot;content_width&quot;:&quot;full&quot;}\">\n\t\t\t\t<div class=\"elementor-element elementor-element-7d80d7c animated-slow elementor-position-top elementor-invisible elementor-widget elementor-widget-image-box\" data-id=\"7d80d7c\" data-element_type=\"widget\" data-settings=\"{&quot;_animation&quot;:&quot;zoomIn&quot;}\" data-widget_type=\"image-box.default\">\n\t\t\t\t<div class=\"elementor-widget-container\">\n\t\t\t<div class=\"elementor-image-box-wrapper\"><figure class=\"elementor-image-box-img\"><img decoding=\"async\" width=\"600\" height=\"600\" src=\"https:\/\/hsmmetalurji.com\/wp-content\/uploads\/2024\/04\/Cek-Valf.png\" class=\"elementor-animation-grow attachment-full size-full wp-image-3181\" alt=\"\" srcset=\"https:\/\/hsmmetalurji.com\/wp-content\/uploads\/2024\/04\/Cek-Valf.png 600w, https:\/\/hsmmetalurji.com\/wp-content\/uploads\/2024\/04\/Cek-Valf-300x300.png 300w, https:\/\/hsmmetalurji.com\/wp-content\/uploads\/2024\/04\/Cek-Valf-150x150.png 150w\" sizes=\"(max-width: 600px) 100vw, 600px\" \/><\/figure><div class=\"elementor-image-box-content\"><h3 class=\"elementor-image-box-title\">\u00c7ek-Valf<\/h3><\/div><\/div>\t\t<\/div>\n\t\t\t\t<\/div>\n\t\t\t\t<\/div>\n\t\t<div class=\"elementor-element elementor-element-c8d8df7 e-con-full e-flex e-con e-child\" data-id=\"c8d8df7\" data-element_type=\"container\" data-settings=\"{&quot;content_width&quot;:&quot;full&quot;}\">\n\t\t\t\t<div class=\"elementor-element elementor-element-6a0bdfb animated-slow elementor-position-top elementor-invisible elementor-widget elementor-widget-image-box\" data-id=\"6a0bdfb\" data-element_type=\"widget\" data-settings=\"{&quot;_animation&quot;:&quot;zoomIn&quot;}\" data-widget_type=\"image-box.default\">\n\t\t\t\t<div class=\"elementor-widget-container\">\n\t\t\t<div class=\"elementor-image-box-wrapper\"><figure class=\"elementor-image-box-img\"><img decoding=\"async\" width=\"600\" height=\"600\" src=\"https:\/\/hsmmetalurji.com\/wp-content\/uploads\/2024\/04\/Kelebek-Vana.png\" class=\"elementor-animation-grow attachment-full size-full wp-image-3182\" alt=\"\" srcset=\"https:\/\/hsmmetalurji.com\/wp-content\/uploads\/2024\/04\/Kelebek-Vana.png 600w, https:\/\/hsmmetalurji.com\/wp-content\/uploads\/2024\/04\/Kelebek-Vana-300x300.png 300w, https:\/\/hsmmetalurji.com\/wp-content\/uploads\/2024\/04\/Kelebek-Vana-150x150.png 150w\" sizes=\"(max-width: 600px) 100vw, 600px\" \/><\/figure><div class=\"elementor-image-box-content\"><h3 class=\"elementor-image-box-title\">Kelebek-Vana<\/h3><\/div><\/div>\t\t<\/div>\n\t\t\t\t<\/div>\n\t\t\t\t<\/div>\n\t\t<div class=\"elementor-element elementor-element-e1614a8 e-con-full e-flex e-con e-child\" data-id=\"e1614a8\" data-element_type=\"container\" data-settings=\"{&quot;content_width&quot;:&quot;full&quot;}\">\n\t\t\t\t<div class=\"elementor-element elementor-element-b7ce827 animated-slow elementor-position-top elementor-invisible elementor-widget elementor-widget-image-box\" data-id=\"b7ce827\" data-element_type=\"widget\" data-settings=\"{&quot;_animation&quot;:&quot;zoomIn&quot;}\" data-widget_type=\"image-box.default\">\n\t\t\t\t<div class=\"elementor-widget-container\">\n\t\t\t<div class=\"elementor-image-box-wrapper\"><figure class=\"elementor-image-box-img\"><img loading=\"lazy\" decoding=\"async\" width=\"600\" height=\"600\" src=\"https:\/\/hsmmetalurji.com\/wp-content\/uploads\/2024\/04\/Koruk-Vana.png\" class=\"elementor-animation-grow attachment-full size-full wp-image-3186\" alt=\"\" srcset=\"https:\/\/hsmmetalurji.com\/wp-content\/uploads\/2024\/04\/Koruk-Vana.png 600w, https:\/\/hsmmetalurji.com\/wp-content\/uploads\/2024\/04\/Koruk-Vana-300x300.png 300w, https:\/\/hsmmetalurji.com\/wp-content\/uploads\/2024\/04\/Koruk-Vana-150x150.png 150w\" sizes=\"(max-width: 600px) 100vw, 600px\" \/><\/figure><div class=\"elementor-image-box-content\"><h3 class=\"elementor-image-box-title\">K\u00f6r\u00fck-Vana<\/h3><\/div><\/div>\t\t<\/div>\n\t\t\t\t<\/div>\n\t\t\t\t<\/div>\n\t\t<div class=\"elementor-element elementor-element-cd365b3 e-con-full e-flex e-con e-child\" data-id=\"cd365b3\" data-element_type=\"container\" data-settings=\"{&quot;content_width&quot;:&quot;full&quot;}\">\n\t\t\t\t<div class=\"elementor-element elementor-element-def2854 animated-slow elementor-position-top elementor-invisible elementor-widget elementor-widget-image-box\" data-id=\"def2854\" data-element_type=\"widget\" data-settings=\"{&quot;_animation&quot;:&quot;zoomIn&quot;}\" data-widget_type=\"image-box.default\">\n\t\t\t\t<div class=\"elementor-widget-container\">\n\t\t\t<div class=\"elementor-image-box-wrapper\"><figure class=\"elementor-image-box-img\"><img loading=\"lazy\" decoding=\"async\" width=\"600\" height=\"600\" src=\"https:\/\/hsmmetalurji.com\/wp-content\/uploads\/2024\/04\/Kuresel-Vana.png\" class=\"elementor-animation-grow attachment-full size-full wp-image-3190\" alt=\"\" srcset=\"https:\/\/hsmmetalurji.com\/wp-content\/uploads\/2024\/04\/Kuresel-Vana.png 600w, https:\/\/hsmmetalurji.com\/wp-content\/uploads\/2024\/04\/Kuresel-Vana-300x300.png 300w, https:\/\/hsmmetalurji.com\/wp-content\/uploads\/2024\/04\/Kuresel-Vana-150x150.png 150w\" sizes=\"(max-width: 600px) 100vw, 600px\" \/><\/figure><div class=\"elementor-image-box-content\"><h3 class=\"elementor-image-box-title\">K\u00fcresel-Vana<\/h3><\/div><\/div>\t\t<\/div>\n\t\t\t\t<\/div>\n\t\t\t\t<\/div>\n\t\t<div class=\"elementor-element elementor-element-3103b44 e-con-full e-flex e-con e-child\" data-id=\"3103b44\" data-element_type=\"container\" data-settings=\"{&quot;content_width&quot;:&quot;full&quot;}\">\n\t\t\t\t<\/div>\n\t\t\t\t\t<\/div>\n\t\t\t\t<\/div>\n\t\t\t\t\t<\/div>\n\t\t<\/div>\n\t\t\t\t\t\t\t<\/div>\n\t\t<\/section>\n\t\t\t\t\t\t\t<\/div>\n\t\t","protected":false},"excerpt":{"rendered":"<p>Ball-Valve \u00c7ek-Valf Kelebek-Vana K\u00f6r\u00fck-Vana K\u00fcresel-Vana<\/p>\n","protected":false},"author":1,"featured_media":0,"parent":0,"menu_order":0,"comment_status":"closed","ping_status":"closed","template":"elementor_header_footer","meta":{"om_disable_all_campaigns":false,"_monsterinsights_skip_tracking":false,"_monsterinsights_sitenote_active":false,"_monsterinsights_sitenote_note":"","_monsterinsights_sitenote_category":0,"footnotes":""},"class_list":["post-1205","page","type-page","status-publish","hentry"],"acf":[],"_links":{"self":[{"href":"https:\/\/hsmmetalurji.com\/index.php\/wp-json\/wp\/v2\/pages\/1205","targetHints":{"allow":["GET"]}}],"collection":[{"href":"https:\/\/hsmmetalurji.com\/index.php\/wp-json\/wp\/v2\/pages"}],"about":[{"href":"https:\/\/hsmmetalurji.com\/index.php\/wp-json\/wp\/v2\/types\/page"}],"author":[{"embeddable":true,"href":"https:\/\/hsmmetalurji.com\/index.php\/wp-json\/wp\/v2\/users\/1"}],"replies":[{"embeddable":true,"href":"https:\/\/hsmmetalurji.com\/index.php\/wp-json\/wp\/v2\/comments?post=1205"}],"version-history":[{"count":36,"href":"https:\/\/hsmmetalurji.com\/index.php\/wp-json\/wp\/v2\/pages\/1205\/revisions"}],"predecessor-version":[{"id":3196,"href":"https:\/\/hsmmetalurji.com\/index.php\/wp-json\/wp\/v2\/pages\/1205\/revisions\/3196"}],"wp:attachment":[{"href":"https:\/\/hsmmetalurji.com\/index.php\/wp-json\/wp\/v2\/media?parent=1205"}],"curies":[{"name":"wp","href":"https:\/\/api.w.org\/{rel}","templated":true}]}}